{"id":177,"date":"2023-12-05T17:38:11","date_gmt":"2023-12-05T17:38:11","guid":{"rendered":"https:\/\/interdieseldh.com\/?page_id=177"},"modified":"2023-12-07T16:00:01","modified_gmt":"2023-12-07T16:00:01","slug":"177-2","status":"publish","type":"page","link":"https:\/\/interdieseldh.com\/index.php\/177-2\/","title":{"rendered":"Servicios"},"content":{"rendered":"<p>[et_pb_section fb_built=\u00bb1&#8243; admin_label=\u00bbHeader\u00bb _builder_version=\u00bb4.23.1&#8243; _module_preset=\u00bbdefault\u00bb background_color=\u00bbgcid-c67e4c14-9f9a-4541-bcfb-a3dbe227e267&#8243; use_background_color_gradient=\u00bbon\u00bb background_color_gradient_stops=\u00bbgcid-c67e4c14-9f9a-4541-bcfb-a3dbe227e267 10%|#ffffff 100%\u00bb background_enable_pattern_style=\u00bbon\u00bb background_pattern_style=\u00bbcrosses\u00bb background_pattern_color=\u00bbgcid-c67e4c14-9f9a-4541-bcfb-a3dbe227e267&#8243; background_pattern_size=\u00bbcustom\u00bb background_pattern_width=\u00bb16px\u00bb custom_padding=\u00bb9px||26px|||\u00bb collapsed=\u00bbon\u00bb global_colors_info=\u00bb{%22gcid-c67e4c14-9f9a-4541-bcfb-a3dbe227e267%22:%91%22background_color%22,%22background_pattern_color%22%93}\u00bb][et_pb_row _builder_version=\u00bb4.23.1&#8243; _module_preset=\u00bbdefault\u00bb animation_style=\u00bbslide\u00bb animation_direction=\u00bbleft\u00bb global_colors_info=\u00bb{}\u00bb][et_pb_column type=\u00bb4_4&#8243; _builder_version=\u00bb4.22.1&#8243; _module_preset=\u00bbdefault\u00bb global_colors_info=\u00bb{}\u00bb][et_pb_text _builder_version=\u00bb4.22.1&#8243; _module_preset=\u00bb7eb2f438-886c-4fa7-8f2a-a2c725a05ff8&#8243; header_text_color=\u00bbgcid-40afeb94-f3a1-4b01-a695-ff82654e75f2&#8243; global_colors_info=\u00bb{%22gcid-40afeb94-f3a1-4b01-a695-ff82654e75f2%22:%91%22header_text_color%22%93}\u00bb]<\/p>\n<h1>Nuestros Servicios<\/h1>\n<p>[\/et_pb_text][\/et_pb_column][\/et_pb_row][et_pb_row _builder_version=\u00bb4.23.1&#8243; _module_preset=\u00bbdefault\u00bb custom_padding=\u00bb0px||7px|||\u00bb global_colors_info=\u00bb{}\u00bb][et_pb_column type=\u00bb4_4&#8243; _builder_version=\u00bb4.22.1&#8243; _module_preset=\u00bbdefault\u00bb global_colors_info=\u00bb{}\u00bb][et_pb_image src=\u00bbhttps:\/\/interdieseldh.com\/wp-content\/uploads\/2023\/12\/auto-parts-1.jpg\u00bb title_text=\u00bbauto-parts-1&#8243; _builder_version=\u00bb4.22.1&#8243; _module_preset=\u00bbdefault\u00bb global_colors_info=\u00bb{}\u00bb][\/et_pb_image][\/et_pb_column][\/et_pb_row][\/et_pb_section][et_pb_section fb_built=\u00bb1&#8243; admin_label=\u00bbProducts &#038; Services\u00bb _builder_version=\u00bb4.22.1&#8243; _module_preset=\u00bbdefault\u00bb background_color=\u00bbgcid-40afeb94-f3a1-4b01-a695-ff82654e75f2&#8243; collapsed=\u00bbon\u00bb global_colors_info=\u00bb{%22gcid-40afeb94-f3a1-4b01-a695-ff82654e75f2%22:%91%22background_color%22%93}\u00bb][et_pb_row _builder_version=\u00bb4.23.1&#8243; _module_preset=\u00bbdefault\u00bb custom_padding=\u00bb3px||2px|||\u00bb animation_style=\u00bbslide\u00bb animation_direction=\u00bbleft\u00bb global_colors_info=\u00bb{}\u00bb][et_pb_column type=\u00bb4_4&#8243; _builder_version=\u00bb4.22.1&#8243; _module_preset=\u00bbdefault\u00bb global_colors_info=\u00bb{}\u00bb][et_pb_text _builder_version=\u00bb4.22.1&#8243; _module_preset=\u00bbdefe36d1-5688-4107-b147-80cb39ca88cf\u00bb header_2_text_color=\u00bb#FFFFFF\u00bb custom_margin=\u00bb||10px||false|false\u00bb global_colors_info=\u00bb{}\u00bb]<\/p>\n<h2>Servicios que ofrecemos:<\/h2>\n<p>[\/et_pb_text][\/et_pb_column][\/et_pb_row][et_pb_row column_structure=\u00bb1_4,1_4,1_2&#8243; use_custom_gutter=\u00bbon\u00bb gutter_width=\u00bb2&#8243; make_equal=\u00bbon\u00bb _builder_version=\u00bb4.23.1&#8243; _module_preset=\u00bbdefault\u00bb global_colors_info=\u00bb{}\u00bb custom_padding=\u00bb||26px|||\u00bb][et_pb_column type=\u00bb1_4&#8243; _builder_version=\u00bb4.23.1&#8243; _module_preset=\u00bbdefault\u00bb background_color=\u00bbgcid-b74eef71-a268-4efe-841b-c8ec143deee4&#8243; custom_padding=\u00bb|30px|4vw|30px|false|true\u00bb border_width_all=\u00bb1px\u00bb border_color_all=\u00bbgcid-b74eef71-a268-4efe-841b-c8ec143deee4&#8243; global_colors_info=\u00bb{%22gcid-b74eef71-a268-4efe-841b-c8ec143deee4%22:%91%22border_color_all%22,%22background_color%22%93}\u00bb][et_pb_image src=\u00bbhttps:\/\/interdieseldh.com\/wp-content\/uploads\/2023\/11\/reparacion-engranajes-scaled.jpg\u00bb title_text=\u00bbreparaci\u00f3n-engranajes\u00bb _builder_version=\u00bb4.23.1&#8243; _module_preset=\u00bbdefault\u00bb custom_margin=\u00bb|-30px|16px|-30px|false|true\u00bb custom_padding=\u00bb||5px|||\u00bb global_colors_info=\u00bb{}\u00bb][\/et_pb_image][et_pb_text _builder_version=\u00bb4.23.1&#8243; _module_preset=\u00bb857a4162-e75a-434e-90e0-f1e1c217db0c\u00bb header_4_text_color=\u00bbgcid-40afeb94-f3a1-4b01-a695-ff82654e75f2&#8243; animation_style=\u00bbbounce\u00bb global_colors_info=\u00bb{%22gcid-40afeb94-f3a1-4b01-a695-ff82654e75f2%22:%91%22header_4_text_color%22%93}\u00bb]<\/p>\n<h4 style=\"text-align: center;\">Taller Mec\u00e1nico<\/h4>\n<p>[\/et_pb_text][et_pb_text _builder_version=\u00bb4.23.1&#8243; _module_preset=\u00bbdefault\u00bb text_text_color=\u00bb#FFFFFF\u00bb animation_style=\u00bbfade\u00bb global_colors_info=\u00bb{}\u00bb]<\/p>\n<p>&#8211; Diagn\u00f3stico y Reparaci\u00f3n de motores di\u00e9sel.<\/p>\n<p>&#8211; Mantenimientos preventivos y correctivos.<\/p>\n<p>[\/et_pb_text][\/et_pb_column][et_pb_column type=\u00bb1_4&#8243; _builder_version=\u00bb4.22.1&#8243; _module_preset=\u00bbdefault\u00bb background_color=\u00bbgcid-b74eef71-a268-4efe-841b-c8ec143deee4&#8243; custom_padding=\u00bb30px|30px||30px|false|true\u00bb border_width_all=\u00bb1px\u00bb border_color_all=\u00bbgcid-b74eef71-a268-4efe-841b-c8ec143deee4&#8243; global_colors_info=\u00bb{%22gcid-b74eef71-a268-4efe-841b-c8ec143deee4%22:%91%22border_color_all%22,%22background_color%22%93}\u00bb][et_pb_text _builder_version=\u00bb4.23.1&#8243; _module_preset=\u00bb857a4162-e75a-434e-90e0-f1e1c217db0c\u00bb header_4_text_color=\u00bbgcid-40afeb94-f3a1-4b01-a695-ff82654e75f2&#8243; custom_margin=\u00bb16px||17px|||\u00bb animation_style=\u00bbbounce\u00bb global_colors_info=\u00bb{%22gcid-40afeb94-f3a1-4b01-a695-ff82654e75f2%22:%91%22header_4_text_color%22%93}\u00bb]<\/p>\n<h4 style=\"text-align: center;\">Reparaciones<\/h4>\n<p>[\/et_pb_text][et_pb_text _builder_version=\u00bb4.23.1&#8243; _module_preset=\u00bbdefault\u00bb text_text_color=\u00bb#FFFFFF\u00bb animation_style=\u00bbfade\u00bb hover_enabled=\u00bb0&#8243; global_colors_info=\u00bb{}\u00bb sticky_enabled=\u00bb0&#8243;]<\/p>\n<p>&#8211; Reparaciones de motores a di\u00e9sel.<\/p>\n<p>&#8211; Reparaciones de bombas, inyectores y turbos.<\/p>\n<p>[\/et_pb_text][et_pb_image src=\u00bbhttps:\/\/interdieseldh.com\/wp-content\/uploads\/2023\/11\/reparando-motor-scaled.jpg\u00bb title_text=\u00bbreparando-motor\u00bb _builder_version=\u00bb4.23.1&#8243; _module_preset=\u00bbdefault\u00bb min_height=\u00bb126.5px\u00bb custom_margin=\u00bb2vw|-30px||-30px|false|true\u00bb global_colors_info=\u00bb{}\u00bb custom_padding=\u00bb10px|||||\u00bb][\/et_pb_image][\/et_pb_column][et_pb_column type=\u00bb1_2&#8243; _builder_version=\u00bb4.23.1&#8243; _module_preset=\u00bbdefault\u00bb background_image=\u00bbhttps:\/\/interdieseldh.com\/wp-content\/uploads\/2023\/12\/Bomba-L200-3.png\u00bb background_size=\u00bbcustom\u00bb background_image_width=\u00bb51%\u00bb background_image_height=\u00bb0%\u00bb background_position=\u00bbbottom_left\u00bb border_width_all=\u00bb1px\u00bb border_color_all=\u00bb#FFFFFF\u00bb global_colors_info=\u00bb{}\u00bb][et_pb_text _builder_version=\u00bb4.23.1&#8243; _module_preset=\u00bb857a4162-e75a-434e-90e0-f1e1c217db0c\u00bb header_5_text_color=\u00bbgcid-40afeb94-f3a1-4b01-a695-ff82654e75f2&#8243; background_color=\u00bb#FFFFFF\u00bb width=\u00bb50%\u00bb module_alignment=\u00bbright\u00bb min_height=\u00bb172.2px\u00bb custom_margin=\u00bb||0vw|255px|false|false\u00bb custom_padding=\u00bb63px|20px|0px|20px|false|true\u00bb global_colors_info=\u00bb{%22gcid-40afeb94-f3a1-4b01-a695-ff82654e75f2%22:%91%22header_5_text_color%22%93}\u00bb]<\/p>\n<h4 style=\"text-align: center;\">Venta de repuestos originales<\/h4>\n<p>[\/et_pb_text][et_pb_text _builder_version=\u00bb4.23.1&#8243; _module_preset=\u00bb857a4162-e75a-434e-90e0-f1e1c217db0c\u00bb header_5_text_color=\u00bbgcid-40afeb94-f3a1-4b01-a695-ff82654e75f2&#8243; background_color=\u00bb#FFFFFF\u00bb width=\u00bb50%\u00bb module_alignment=\u00bbright\u00bb min_height=\u00bb197.2px\u00bb custom_margin=\u00bb||0vw|257px|false|false\u00bb custom_padding=\u00bb13px|20px|20px|20px|false|true\u00bb global_colors_info=\u00bb{%22gcid-40afeb94-f3a1-4b01-a695-ff82654e75f2%22:%91%22header_5_text_color%22%93}\u00bb]<\/p>\n<p>&#8211; Inyectores y partes para reparaci\u00f3n de inyectores<\/p>\n<p>&#8211; Bombas y partes para reparaci\u00f3n de bombas<\/p>\n<p>&#8211; Turbos y partes para reparaci\u00f3n<\/p>\n<p>&#8211; Filtros de combustible<\/p>\n<p>&#8211; Sensores y actuadores<\/p>\n<p>[\/et_pb_text][\/et_pb_column][\/et_pb_row][et_pb_row column_structure=\u00bb1_2,1_4,1_4&#8243; use_custom_gutter=\u00bbon\u00bb gutter_width=\u00bb2&#8243; make_equal=\u00bbon\u00bb _builder_version=\u00bb4.23.1&#8243; _module_preset=\u00bbdefault\u00bb min_height=\u00bb466.4px\u00bb custom_padding=\u00bb||0px|||\u00bb global_colors_info=\u00bb{}\u00bb][et_pb_column type=\u00bb1_2&#8243; _builder_version=\u00bb4.23.1&#8243; _module_preset=\u00bbdefault\u00bb background_image=\u00bbhttps:\/\/interdieseldh.com\/wp-content\/uploads\/2023\/11\/escaneo-motor-2-scaled.jpg\u00bb border_width_all=\u00bb1px\u00bb border_color_all=\u00bb#FFFFFF\u00bb global_colors_info=\u00bb{}\u00bb][et_pb_text _builder_version=\u00bb4.23.1&#8243; _module_preset=\u00bb857a4162-e75a-434e-90e0-f1e1c217db0c\u00bb header_5_text_color=\u00bbgcid-40afeb94-f3a1-4b01-a695-ff82654e75f2&#8243; background_color=\u00bb#FFFFFF\u00bb width=\u00bb50%\u00bb module_alignment=\u00bbright\u00bb min_height=\u00bb171.2px\u00bb custom_margin=\u00bb||0vw||false|false\u00bb custom_padding=\u00bb74px|20px|13px|20px|false|true\u00bb global_colors_info=\u00bb{%22gcid-40afeb94-f3a1-4b01-a695-ff82654e75f2%22:%91%22header_5_text_color%22%93}\u00bb]<\/p>\n<h4 style=\"text-align: center;\">Mantenimientos<\/h4>\n<p>[\/et_pb_text][et_pb_text _builder_version=\u00bb4.23.1&#8243; _module_preset=\u00bb857a4162-e75a-434e-90e0-f1e1c217db0c\u00bb header_5_text_color=\u00bbgcid-40afeb94-f3a1-4b01-a695-ff82654e75f2&#8243; background_color=\u00bb#FFFFFF\u00bb width=\u00bb50%\u00bb module_alignment=\u00bbright\u00bb min_height=\u00bb376.2px\u00bb custom_margin=\u00bb1px||0vw||false|false\u00bb custom_padding=\u00bb26px|20px|0px|20px|false|true\u00bb global_colors_info=\u00bb{%22gcid-40afeb94-f3a1-4b01-a695-ff82654e75f2%22:%91%22header_5_text_color%22%93}\u00bb]<\/p>\n<p>&#8211; Mantenimiento de motores<\/p>\n<p>&#8211; ABC de motor<\/p>\n<p>&#8211; Cambio de aceite<\/p>\n<p>&#8211; Cambio de filtro de combustible<\/p>\n<p>&#8211; Mantenimiento sistema de inyecci\u00f3n<\/p>\n<p>[\/et_pb_text][\/et_pb_column][et_pb_column type=\u00bb1_4&#8243; _builder_version=\u00bb4.22.1&#8243; _module_preset=\u00bbdefault\u00bb background_color=\u00bbgcid-b74eef71-a268-4efe-841b-c8ec143deee4&#8243; custom_padding=\u00bb30px|30px||30px|false|true\u00bb border_width_all=\u00bb1px\u00bb border_color_all=\u00bbgcid-b74eef71-a268-4efe-841b-c8ec143deee4&#8243; global_colors_info=\u00bb{%22gcid-b74eef71-a268-4efe-841b-c8ec143deee4%22:%91%22border_color_all%22,%22background_color%22%93}\u00bb][et_pb_text _builder_version=\u00bb4.23.1&#8243; _module_preset=\u00bb857a4162-e75a-434e-90e0-f1e1c217db0c\u00bb header_4_text_color=\u00bbgcid-40afeb94-f3a1-4b01-a695-ff82654e75f2&#8243; animation_style=\u00bbbounce\u00bb global_colors_info=\u00bb{%22gcid-40afeb94-f3a1-4b01-a695-ff82654e75f2%22:%91%22header_4_text_color%22%93}\u00bb custom_margin=\u00bb||41px|||\u00bb custom_padding=\u00bb28px|||||\u00bb]<\/p>\n<h4 style=\"text-align: center;\">Reparaciones de Bombas e Inyectores<\/h4>\n<p>[\/et_pb_text][et_pb_text _builder_version=\u00bb4.23.1&#8243; _module_preset=\u00bbdefault\u00bb text_text_color=\u00bb#FFFFFF\u00bb custom_padding=\u00bb||0px|||\u00bb animation_style=\u00bbfade\u00bb global_colors_info=\u00bb{}\u00bb]<\/p>\n<p>&#8211; Diagn\u00f3stico de bombas en el banco de pruebas.<\/p>\n<p>&#8211; Reparaci\u00f3n y calibraci\u00f3n.<\/p>\n<p>[\/et_pb_text][et_pb_image src=\u00bbhttps:\/\/interdieseldh.com\/wp-content\/uploads\/2023\/11\/Inyector-Mazda-BT-50-scaled.jpg\u00bb title_text=\u00bbInyector Mazda BT-50&#8243; _builder_version=\u00bb4.23.1&#8243; _module_preset=\u00bbdefault\u00bb custom_margin=\u00bb1vw|-30px||-30px|false|true\u00bb custom_padding=\u00bb60px|||||\u00bb global_colors_info=\u00bb{}\u00bb][\/et_pb_image][\/et_pb_column][et_pb_column type=\u00bb1_4&#8243; _builder_version=\u00bb4.23.1&#8243; _module_preset=\u00bbdefault\u00bb background_color=\u00bbgcid-b74eef71-a268-4efe-841b-c8ec143deee4&#8243; custom_padding=\u00bb|30px|4vw|30px|false|true\u00bb border_width_all=\u00bb1px\u00bb border_color_all=\u00bbgcid-b74eef71-a268-4efe-841b-c8ec143deee4&#8243; global_colors_info=\u00bb{%22gcid-b74eef71-a268-4efe-841b-c8ec143deee4%22:%91%22border_color_all%22,%22background_color%22%93}\u00bb][et_pb_image src=\u00bbhttps:\/\/interdieseldh.com\/wp-content\/uploads\/2023\/12\/2645A749.jpeg\u00bb title_text=\u00bb2645A749&#8243; _builder_version=\u00bb4.23.1&#8243; _module_preset=\u00bbdefault\u00bb custom_margin=\u00bb|-30px||-30px|false|true\u00bb custom_padding=\u00bb||23px|||\u00bb global_colors_info=\u00bb{}\u00bb][\/et_pb_image][et_pb_text _builder_version=\u00bb4.23.1&#8243; _module_preset=\u00bb857a4162-e75a-434e-90e0-f1e1c217db0c\u00bb header_4_text_color=\u00bbgcid-40afeb94-f3a1-4b01-a695-ff82654e75f2&#8243; custom_padding=\u00bb||0px|||\u00bb animation_style=\u00bbbounce\u00bb global_colors_info=\u00bb{%22gcid-40afeb94-f3a1-4b01-a695-ff82654e75f2%22:%91%22header_4_text_color%22%93}\u00bb]<\/p>\n<h4 style=\"text-align: center;\">Sistema de Inyecci\u00f3n Common Riel<\/h4>\n<p>[\/et_pb_text][et_pb_text _builder_version=\u00bb4.23.1&#8243; _module_preset=\u00bbdefault\u00bb text_text_color=\u00bb#FFFFFF\u00bb custom_margin=\u00bb11px|||||\u00bb animation_style=\u00bbfade\u00bb global_colors_info=\u00bb{}\u00bb]<\/p>\n<p>&#8211; Diagn\u00f3stico, reparaci\u00f3n y calibraci\u00f3n de bombas de alta presi\u00f3n.<\/p>\n<p>&#8211; Inyectores INDUCTIVOS.<\/p>\n<p>&#8211; Inyectores piezo el\u00e9ctricos.<\/p>\n<p>[\/et_pb_text][\/et_pb_column][\/et_pb_row][\/et_pb_section][et_pb_section fb_built=\u00bb1&#8243; admin_label=\u00bbServices\u00bb _builder_version=\u00bb4.22.1&#8243; _module_preset=\u00bbdefault\u00bb background_color=\u00bbgcid-c67e4c14-9f9a-4541-bcfb-a3dbe227e267&#8243; background_image=\u00bbhttps:\/\/interdieseldh.com\/wp-content\/uploads\/2023\/12\/auto-parts-background-01.png\u00bb background_size=\u00bbinitial\u00bb background_position=\u00bbtop_center\u00bb custom_padding=\u00bb33px||35px|||\u00bb collapsed=\u00bbon\u00bb global_colors_info=\u00bb{%22gcid-c67e4c14-9f9a-4541-bcfb-a3dbe227e267%22:%91%22background_color%22%93}\u00bb][et_pb_row _builder_version=\u00bb4.23.1&#8243; _module_preset=\u00bbdefault\u00bb animation_style=\u00bbfade\u00bb global_colors_info=\u00bb{}\u00bb][et_pb_column type=\u00bb4_4&#8243; _builder_version=\u00bb4.22.1&#8243; _module_preset=\u00bbdefault\u00bb global_colors_info=\u00bb{}\u00bb][et_pb_text _builder_version=\u00bb4.22.1&#8243; _module_preset=\u00bbdefe36d1-5688-4107-b147-80cb39ca88cf\u00bb header_2_text_color=\u00bbgcid-40afeb94-f3a1-4b01-a695-ff82654e75f2&#8243; max_width=\u00bb800px\u00bb global_colors_info=\u00bb{%22gcid-40afeb94-f3a1-4b01-a695-ff82654e75f2%22:%91%22header_2_text_color%22%93}\u00bb]<\/p>\n<h2>Todos nuestros repuestos son originales.<\/h2>\n<p>[\/et_pb_text][\/et_pb_column][\/et_pb_row][\/et_pb_section][et_pb_section fb_built=\u00bb1&#8243; admin_label=\u00bbFeatured Categories\u00bb _builder_version=\u00bb4.22.1&#8243; _module_preset=\u00bbdefault\u00bb background_color=\u00bbgcid-c67e4c14-9f9a-4541-bcfb-a3dbe227e267&#8243; background_image=\u00bbhttps:\/\/interdieseldh.com\/wp-content\/uploads\/2023\/12\/auto-parts-background-02.png\u00bb background_size=\u00bbinitial\u00bb background_position=\u00bbbottom_center\u00bb custom_padding=\u00bb14px||16px|||\u00bb collapsed=\u00bbon\u00bb global_colors_info=\u00bb{%22gcid-c67e4c14-9f9a-4541-bcfb-a3dbe227e267%22:%91%22background_color%22%93}\u00bb][et_pb_row column_structure=\u00bb1_2,1_2&#8243; make_equal=\u00bbon\u00bb _builder_version=\u00bb4.23.1&#8243; _module_preset=\u00bbdefault\u00bb hover_enabled=\u00bb0&#8243; global_colors_info=\u00bb{}\u00bb animation_style=\u00bbfade\u00bb sticky_enabled=\u00bb0&#8243;][et_pb_column type=\u00bb1_2&#8243; _builder_version=\u00bb4.23.1&#8243; _module_preset=\u00bbdefault\u00bb use_background_color_gradient=\u00bbon\u00bb background_color_gradient_stops=\u00bbrgba(255,255,255,0) 0%|gcid-40afeb94-f3a1-4b01-a695-ff82654e75f2 100%\u00bb background_color_gradient_overlays_image=\u00bbon\u00bb background_image=\u00bbhttps:\/\/interdieseldh.com\/wp-content\/uploads\/2023\/11\/reparacion-motor-scaled.jpg\u00bb custom_padding=\u00bb12vw|30px|30px|30px|false|true\u00bb custom_padding_tablet=\u00bb12vw|30px|30px|30px|false|true\u00bb custom_padding_phone=\u00bb|20px|20px|20px|false|true\u00bb custom_padding_last_edited=\u00bbon|desktop\u00bb global_colors_info=\u00bb{%22gcid-40afeb94-f3a1-4b01-a695-ff82654e75f2%22:%91%22background_color_gradient_stops%22%93}\u00bb][et_pb_text _builder_version=\u00bb4.23.1&#8243; _module_preset=\u00bb4071063f-f151-4efe-a43b-a63a4353eb91&#8243; header_3_text_color=\u00bb#FFFFFF\u00bb global_colors_info=\u00bb{}\u00bb]<\/p>\n<h3>Laboratorio Di\u00e9sel de alta tecnolog\u00eda<\/h3>\n<p>[\/et_pb_text][\/et_pb_column][et_pb_column type=\u00bb1_2&#8243; _builder_version=\u00bb4.23.1&#8243; _module_preset=\u00bbdefault\u00bb use_background_color_gradient=\u00bbon\u00bb background_color_gradient_stops=\u00bbrgba(255,255,255,0) 0%|gcid-40afeb94-f3a1-4b01-a695-ff82654e75f2 100%\u00bb background_color_gradient_overlays_image=\u00bbon\u00bb background_image=\u00bbhttps:\/\/interdieseldh.com\/wp-content\/uploads\/2023\/11\/Motor-Diesel-Quito-scaled.jpg\u00bb custom_padding=\u00bb12vw|30px|30px|30px|false|true\u00bb custom_padding_tablet=\u00bb12vw|30px|30px|30px|false|true\u00bb custom_padding_phone=\u00bb|20px|20px|20px|false|true\u00bb custom_padding_last_edited=\u00bbon|desktop\u00bb global_colors_info=\u00bb{%22gcid-40afeb94-f3a1-4b01-a695-ff82654e75f2%22:%91%22background_color_gradient_stops%22%93}\u00bb][et_pb_text _builder_version=\u00bb4.23.1&#8243; _module_preset=\u00bb4071063f-f151-4efe-a43b-a63a4353eb91&#8243; header_3_text_color=\u00bb#FFFFFF\u00bb global_colors_info=\u00bb{}\u00bb]<\/p>\n<h3>Mantenimientos preventivos y correctivos<\/h3>\n<p>[\/et_pb_text][\/et_pb_column][\/et_pb_row][\/et_pb_section][et_pb_section fb_built=\u00bb1&#8243; admin_label=\u00bbVideo &#038; CTA\u00bb _builder_version=\u00bb4.22.1&#8243; _module_preset=\u00bbdefault\u00bb background_color=\u00bbgcid-40afeb94-f3a1-4b01-a695-ff82654e75f2&#8243; custom_padding=\u00bb||0px||false|false\u00bb collapsed=\u00bbon\u00bb global_colors_info=\u00bb{%22gcid-40afeb94-f3a1-4b01-a695-ff82654e75f2%22:%91%22background_color%22%93}\u00bb][et_pb_row column_structure=\u00bb2_3,1_3&#8243; _builder_version=\u00bb4.22.1&#8243; _module_preset=\u00bbdefault\u00bb custom_padding=\u00bb||58px|||\u00bb global_colors_info=\u00bb{}\u00bb][et_pb_column type=\u00bb2_3&#8243; _builder_version=\u00bb4.22.1&#8243; _module_preset=\u00bbdefault\u00bb global_colors_info=\u00bb{}\u00bb][et_pb_text _builder_version=\u00bb4.23.1&#8243; _module_preset=\u00bbdefe36d1-5688-4107-b147-80cb39ca88cf\u00bb header_2_text_color=\u00bb#FFFFFF\u00bb animation_style=\u00bbslide\u00bb animation_direction=\u00bbleft\u00bb global_colors_info=\u00bb{}\u00bb]<\/p>\n<h2>Ofrecemos servicios de laboratorio di\u00e9sel<\/h2>\n<p>[\/et_pb_text][\/et_pb_column][et_pb_column type=\u00bb1_3&#8243; _builder_version=\u00bb4.22.1&#8243; _module_preset=\u00bbdefault\u00bb global_colors_info=\u00bb{}\u00bb][et_pb_text _builder_version=\u00bb4.23.1&#8243; _module_preset=\u00bbae574508-8eb9-4091-8748-c162b2b89d67&#8243; text_text_color=\u00bb#FFFFFF\u00bb animation_style=\u00bbslide\u00bb animation_direction=\u00bbright\u00bb global_colors_info=\u00bb{}\u00bb]<\/p>\n<p>Diagn\u00f3stico, medici\u00f3n, reparaci\u00f3n y calibraci\u00f3n de sistemas de inyecci\u00f3n Di\u00e9sel como son: inyectores, bombas y turbos.<\/p>\n<p>[\/et_pb_text][et_pb_button button_text=\u00bbVis\u00edtanos\u00bb button_alignment=\u00bbleft\u00bb _builder_version=\u00bb4.23.1&#8243; _module_preset=\u00bb4d0ed0f4-f9f7-49a0-8ae9-c46bf575966d\u00bb animation_style=\u00bbfade\u00bb hover_enabled=\u00bb0&#8243; global_colors_info=\u00bb{}\u00bb button_url=\u00bb@ET-DC@eyJkeW5hbWljIjp0cnVlLCJjb250ZW50IjoicG9zdF9saW5rX3VybF9wYWdlIiwic2V0dGluZ3MiOnsicG9zdF9pZCI6IjI0NSJ9fQ==@\u00bb _dynamic_attributes=\u00bbbutton_url\u00bb sticky_enabled=\u00bb0&#8243;][\/et_pb_button][\/et_pb_column][\/et_pb_row][\/et_pb_section]<\/p>\n","protected":false},"excerpt":{"rendered":"<p>Nuestros ServiciosServicios que ofrecemos:Taller Mec\u00e1nico- Diagn\u00f3stico y Reparaci\u00f3n de motores di\u00e9sel. &#8211; Mantenimientos preventivos y correctivos.Reparaciones- Reparaciones de motores a di\u00e9sel. &#8211; Reparaciones de bombas, inyectores y turbos.Venta de repuestos originales- Inyectores y partes para reparaci\u00f3n de inyectores &#8211; Bombas y partes para reparaci\u00f3n de bombas &#8211; Turbos y partes para reparaci\u00f3n &#8211; Filtros de [&hellip;]<\/p>\n","protected":false},"author":1,"featured_media":0,"parent":0,"menu_order":0,"comment_status":"closed","ping_status":"closed","template":"","meta":{"_et_pb_use_builder":"on","_et_pb_old_content":"","_et_gb_content_width":"","_monsterinsights_skip_tracking":false,"_monsterinsights_sitenote_active":false,"_monsterinsights_sitenote_note":"","_monsterinsights_sitenote_category":0,"footnotes":""},"aioseo_notices":[],"_links":{"self":[{"href":"https:\/\/interdieseldh.com\/index.php\/wp-json\/wp\/v2\/pages\/177"}],"collection":[{"href":"https:\/\/interdieseldh.com\/index.php\/wp-json\/wp\/v2\/pages"}],"about":[{"href":"https:\/\/interdieseldh.com\/index.php\/wp-json\/wp\/v2\/types\/page"}],"author":[{"embeddable":true,"href":"https:\/\/interdieseldh.com\/index.php\/wp-json\/wp\/v2\/users\/1"}],"replies":[{"embeddable":true,"href":"https:\/\/interdieseldh.com\/index.php\/wp-json\/wp\/v2\/comments?post=177"}],"version-history":[{"count":21,"href":"https:\/\/interdieseldh.com\/index.php\/wp-json\/wp\/v2\/pages\/177\/revisions"}],"predecessor-version":[{"id":270,"href":"https:\/\/interdieseldh.com\/index.php\/wp-json\/wp\/v2\/pages\/177\/revisions\/270"}],"wp:attachment":[{"href":"https:\/\/interdieseldh.com\/index.php\/wp-json\/wp\/v2\/media?parent=177"}],"curies":[{"name":"wp","href":"https:\/\/api.w.org\/{rel}","templated":true}]}}